{"id":3334,"date":"2024-08-17T14:41:05","date_gmt":"2024-08-17T14:41:05","guid":{"rendered":"https:\/\/vasismusicstore.com\/br\/?post_type=product&#038;p=3334"},"modified":"2024-08-17T17:03:53","modified_gmt":"2024-08-17T17:03:53","slug":"harmonium-trocador-de-escala","status":"publish","type":"product","link":"https:\/\/vasismusicstore.com\/br\/product\/harmonium-trocador-de-escala\/","title":{"rendered":"Harmonium trocador de escala"},"content":{"rendered":"<p>\u2013 Fabricado em madeira de teca de alta qualidade: Garante durabilidade e um som rico e quente.<\/p>\n<p>\u2013 Palhetas afinadas com precis\u00e3o: Produz tons claros e ressonantes em v\u00e1rias escalas.<\/p>\n<p>\u2013 Mudan\u00e7a de escala embutida: Permite f\u00e1cil modula\u00e7\u00e3o entre diferentes tonalidades.<\/p>\n<ul>\n<li><strong>Desempenho vers\u00e1til:<\/strong> Ideal para diversos estilos musicais e ambientes.<\/li>\n<li>9 posi\u00e7\u00f5es<\/li>\n<li><span class=\"\">Madeira de Lei<\/span><\/li>\n<li>3 linhas de palhetas (Palitana original)<\/li>\n<li>Acabamento perolado<\/li>\n<\/ul>\n<p>Por que comprar um Harmonium com Mudan\u00e7a de Escala:<\/p>\n<ul>\n<li><strong>Modula\u00e7\u00e3o vers\u00e1til de tonalidade:<\/strong> Alterne facilmente entre diferentes tonalidades e escalas com a mudan\u00e7a de escala embutida.<\/li>\n<li><strong>Maior flexibilidade musical:<\/strong> Adapte-se a v\u00e1rios estilos musicais e composi\u00e7\u00f5es com facilidade.<\/li>\n<li><strong>Som rico e ressonante:<\/strong> Palhetas e constru\u00e7\u00e3o de alta qualidade proporcionam um tom pleno e vibrante.<\/li>\n<li><strong>Constru\u00e7\u00e3o dur\u00e1vel:<\/strong> Fabricado com materiais de primeira qualidade, como a madeira de roseira, para garantir longevidade e confiabilidade.<\/li>\n<li><strong>Ideal para apresenta\u00e7\u00f5es:<\/strong> Oferece a m\u00fasicos amadores e profissionais maior controle e variedade sonora.<\/li>\n<\/ul>\n<p>Aprimorando o som com o sistema de acoplamento:<\/p>\n<p>A principal vantagem do sistema de acoplamento em um harm\u00f4nio \u00e9 que ele permite combinar ou \u201cacoplar\u201d as palhetas, o que melhora a riqueza tonal e o volume do instrumento. Esse recurso permite misturar sons de diferentes conjuntos de palhetas, proporcionando um som mais completo, mais complexo e maior versatilidade na performance.<\/p>\n<p><strong>Envio:<\/strong><\/p>\n<p>$ 170 Europa (aproximadamente), incluindo seguro e embalagem.<br \/>\nUS$ 270 \u2013 Am\u00e9rica do Sul, EUA, M\u00e9xico (aprox), incluindo seguro e embalagem.<\/p>\n<div class=\"notranslate\" style=\"all: initial;\"><\/div>\n","protected":false},"excerpt":{"rendered":"<p><span class=\"\">Entre em contato conosco antes de fazer o pedido:<br \/>\n<a style=\"color: #128c7e; font-weight: bold;\" href=\"https:\/\/wa.me\/message\/PQSM4K257PWZP1\" target=\"_blank\" rel=\"noopener noreferrer\">https:\/\/wa.me\/message\/PQSM4K257PWZP1<\/a><\/span><\/p>\n<ul>\n<li><strong>Fabricado em madeira de teca de alta qualidade:<\/strong> garante durabilidade e som rico e quente.<\/li>\n<li><strong>Palhetas afinadas com precis\u00e3o:<\/strong> Oferece tons claros e ressonantes em v\u00e1rias escalas.<\/li>\n<li><strong>P\u00e9rola TerminadaTrocador de escala integrado:<\/strong> Permite f\u00e1cil modula\u00e7\u00e3o entre diferentes tonalidades.<\/li>\n<\/ul>\n<ul>\n<li><strong>Desempenho vers\u00e1til:<\/strong> Ideal para diversos estilos e configura\u00e7\u00f5es musicais.<\/li>\n<\/ul>\n<ul>\n<li>9 posi\u00e7\u00f5es<\/li>\n<\/ul>\n<ul>\n<li>Madeira Teca<\/li>\n<\/ul>\n<ul>\n<li>3 linhas de palhetas (Palitana original)<\/li>\n<\/ul>\n","protected":false},"featured_media":3349,"comment_status":"open","ping_status":"closed","template":"","meta":{"_joinchat":[]},"product_cat":[55],"product_tag":[],"class_list":{"0":"post-3334","1":"product","2":"type-product","3":"status-publish","4":"has-post-thumbnail","6":"product_cat-harmonio","7":"product_shipping_class-europe-shipping","9":"first","10":"instock","11":"shipping-taxable","12":"purchasable","13":"product-type-variable"},"_links":{"self":[{"href":"https:\/\/vasismusicstore.com\/br\/wp-json\/wp\/v2\/product\/3334","targetHints":{"allow":["GET"]}}],"collection":[{"href":"https:\/\/vasismusicstore.com\/br\/wp-json\/wp\/v2\/product"}],"about":[{"href":"https:\/\/vasismusicstore.com\/br\/wp-json\/wp\/v2\/types\/product"}],"replies":[{"embeddable":true,"href":"https:\/\/vasismusicstore.com\/br\/wp-json\/wp\/v2\/comments?post=3334"}],"wp:featuredmedia":[{"embeddable":true,"href":"https:\/\/vasismusicstore.com\/br\/wp-json\/wp\/v2\/media\/3349"}],"wp:attachment":[{"href":"https:\/\/vasismusicstore.com\/br\/wp-json\/wp\/v2\/media?parent=3334"}],"wp:term":[{"taxonomy":"product_cat","embeddable":true,"href":"https:\/\/vasismusicstore.com\/br\/wp-json\/wp\/v2\/product_cat?post=3334"},{"taxonomy":"product_tag","embeddable":true,"href":"https:\/\/vasismusicstore.com\/br\/wp-json\/wp\/v2\/product_tag?post=3334"}],"curies":[{"name":"wp","href":"https:\/\/api.w.org\/{rel}","templated":true}]}}