{"id":3016,"date":"2024-08-10T19:36:59","date_gmt":"2024-08-10T19:36:59","guid":{"rendered":"https:\/\/vasismusicstore.com\/br\/?post_type=product&#038;p=3016"},"modified":"2024-08-14T09:35:18","modified_gmt":"2024-08-14T09:35:18","slug":"kartals-medium-size","status":"publish","type":"product","link":"https:\/\/vasismusicstore.com\/br\/product\/kartals-medium-size\/","title":{"rendered":"Kartalas (tamanho m\u00e9dio)"},"content":{"rendered":"<p>Kartals \u00e9 um instrumento s\u00f3lido feito de &#8220;Bell Metal&#8221; para percuss\u00e3o. Nossos kartals t\u00eam um som doce e afinado muito agrad\u00e1vel. Maior em tamanho significa mais alto, menor significa baixo volume.<\/p>\n<p><strong>O que \u00e9 chamado de Bell Metal?<\/strong><\/p>\n<p>O metal do sino \u00e9 uma liga dura usada para fazer sinos e instrumentos relacionados, como pratos. \u00c9 uma forma de bronze com maior teor de estanho, geralmente uma propor\u00e7\u00e3o de aproximadamente 4:1 de cobre para estanho (normalmente, 78% de cobre, 22% de estanho em massa).<\/p>\n","protected":false},"excerpt":{"rendered":"<p><span class=\"\">Entre em contato conosco antes de fazer o pedido:<br \/>\n<a style=\"color: #128c7e; font-weight: bold;\" href=\"https:\/\/wa.me\/message\/PQSM4K257PWZP1\" target=\"_blank\" rel=\"noopener noreferrer\">https:\/\/wa.me\/message\/PQSM4K257PWZP1<\/a><\/span><\/p>\n<p><span class=\"\">Kartals \u00e9 um instrumento s\u00f3lido feito de &#8220;Bell Metal&#8221; para percuss\u00e3o. Nossos kartals t\u00eam um som doce e afinado muito agrad\u00e1vel. Maior em tamanho significa mais alto, menor significa baixo volume.<\/span><\/p>\n","protected":false},"featured_media":3208,"comment_status":"open","ping_status":"closed","template":"","meta":{"_joinchat":[]},"product_cat":[48,53],"product_tag":[],"class_list":{"0":"post-3016","1":"product","2":"type-product","3":"status-publish","4":"has-post-thumbnail","6":"product_cat-kartals","7":"product_cat-medium-kartals","8":"product_shipping_class-europe-shipping","10":"first","11":"instock","12":"shipping-taxable","13":"purchasable","14":"product-type-simple"},"_links":{"self":[{"href":"https:\/\/vasismusicstore.com\/br\/wp-json\/wp\/v2\/product\/3016","targetHints":{"allow":["GET"]}}],"collection":[{"href":"https:\/\/vasismusicstore.com\/br\/wp-json\/wp\/v2\/product"}],"about":[{"href":"https:\/\/vasismusicstore.com\/br\/wp-json\/wp\/v2\/types\/product"}],"replies":[{"embeddable":true,"href":"https:\/\/vasismusicstore.com\/br\/wp-json\/wp\/v2\/comments?post=3016"}],"wp:featuredmedia":[{"embeddable":true,"href":"https:\/\/vasismusicstore.com\/br\/wp-json\/wp\/v2\/media\/3208"}],"wp:attachment":[{"href":"https:\/\/vasismusicstore.com\/br\/wp-json\/wp\/v2\/media?parent=3016"}],"wp:term":[{"taxonomy":"product_cat","embeddable":true,"href":"https:\/\/vasismusicstore.com\/br\/wp-json\/wp\/v2\/product_cat?post=3016"},{"taxonomy":"product_tag","embeddable":true,"href":"https:\/\/vasismusicstore.com\/br\/wp-json\/wp\/v2\/product_tag?post=3016"}],"curies":[{"name":"wp","href":"https:\/\/api.w.org\/{rel}","templated":true}]}}