{"id":2760,"date":"2024-08-07T17:12:17","date_gmt":"2024-08-07T17:12:17","guid":{"rendered":"https:\/\/vasismusicstore.com\/br\/?post_type=product&#038;p=2760"},"modified":"2024-08-16T11:47:51","modified_gmt":"2024-08-16T11:47:51","slug":"mridanga","status":"publish","type":"product","link":"https:\/\/vasismusicstore.com\/br\/product\/mridanga\/","title":{"rendered":"Mridanga"},"content":{"rendered":"<p>Obtemos nosso Mridanga feito por um dos fabricantes de instrumentos mais antigos de Navadvipa, na \u00cdndia. Este \u00e9 o lugar de onde vem a Arte de Kirtan.<\/p>\n<p>Um bom Mridanga \u00e9 essencial para um Kirtan. Quando bem tocado traz muita emo\u00e7\u00e3o e todo mundo tem vontade de dan\u00e7ar.<\/p>\n<p><strong>TAMANHO:<\/strong><\/p>\n<p>M\u00c9DIO\u2013 (58cm, 5,4kg) \u2013<br \/>\nGRANDE \u2013 (60cm, 5,7kg) \u2013<\/p>\n<p><strong>MATERIAL:<\/strong> ARGILA, COURO, CINTO DE ALGOD\u00c3O E AN\u00c9IS DE LAT\u00c3O<\/p>\n<p>&nbsp;<\/p>\n<p><strong>Envio:<\/strong><\/p>\n<p>$ 140 Europa (aproximadamente), incluindo seguro e embalagem $ 220 \u2013 Am\u00e9rica do Sul, EUA, M\u00e9xico (aprox.), incluindo seguro e embalagem<\/p>\n<p>&nbsp;<\/p>\n<p>&nbsp;<\/p>\n<div style=\"max-width: 700px;\"><iframe title=\"YouTube video player\" src=\"https:\/\/www.youtube.com\/embed\/6VlAJjZi9V0?si=12LH-tOMjlr8zsAu\" width=\"560\" height=\"450\" frameborder=\"0\" allowfullscreen=\"allowfullscreen\"><\/iframe><\/div>\n","protected":false},"excerpt":{"rendered":"<p><span class=\"\">Entre em contato conosco antes de fazer o pedido:<br \/>\n<a style=\"color: #128c7e; font-weight: bold;\" href=\"https:\/\/wa.me\/message\/PQSM4K257PWZP1\" target=\"_blank\" rel=\"noopener noreferrer\">https:\/\/wa.me\/message\/PQSM4K257PWZP1<\/a><\/span><\/p>\n<p>TAMANHO:<\/p>\n<p><strong>M\u00c9DIO\u2013<\/strong> (58cm, 5,4kg) \u2013<br \/>\n<strong>GRANDE \u2013<\/strong> (60cm, 5,7kg) \u2013<\/p>\n<p><strong>MATERIAL:<\/strong> ARGILA, COURO, CINTO DE ALGOD\u00c3O E AN\u00c9IS DE LAT\u00c3O,<\/p>\n<p>&nbsp;<\/p>\n","protected":false},"featured_media":3230,"comment_status":"open","ping_status":"closed","template":"","meta":{"_joinchat":[]},"product_cat":[46,47],"product_tag":[],"class_list":{"0":"post-2760","1":"product","2":"type-product","3":"status-publish","4":"has-post-thumbnail","6":"product_cat-mridangam","7":"product_cat-top-quality","8":"product_shipping_class-europe-shipping","10":"first","11":"instock","12":"shipping-taxable","13":"purchasable","14":"product-type-variable"},"_links":{"self":[{"href":"https:\/\/vasismusicstore.com\/br\/wp-json\/wp\/v2\/product\/2760","targetHints":{"allow":["GET"]}}],"collection":[{"href":"https:\/\/vasismusicstore.com\/br\/wp-json\/wp\/v2\/product"}],"about":[{"href":"https:\/\/vasismusicstore.com\/br\/wp-json\/wp\/v2\/types\/product"}],"replies":[{"embeddable":true,"href":"https:\/\/vasismusicstore.com\/br\/wp-json\/wp\/v2\/comments?post=2760"}],"wp:featuredmedia":[{"embeddable":true,"href":"https:\/\/vasismusicstore.com\/br\/wp-json\/wp\/v2\/media\/3230"}],"wp:attachment":[{"href":"https:\/\/vasismusicstore.com\/br\/wp-json\/wp\/v2\/media?parent=2760"}],"wp:term":[{"taxonomy":"product_cat","embeddable":true,"href":"https:\/\/vasismusicstore.com\/br\/wp-json\/wp\/v2\/product_cat?post=2760"},{"taxonomy":"product_tag","embeddable":true,"href":"https:\/\/vasismusicstore.com\/br\/wp-json\/wp\/v2\/product_tag?post=2760"}],"curies":[{"name":"wp","href":"https:\/\/api.w.org\/{rel}","templated":true}]}}