{"id":2759,"date":"2024-08-07T17:12:17","date_gmt":"2024-08-07T17:12:17","guid":{"rendered":"https:\/\/vasismusicstore.com\/br\/?post_type=product&#038;p=2759"},"modified":"2024-08-16T11:48:07","modified_gmt":"2024-08-16T11:48:07","slug":"harmonium-25-octaves-deluxe-box","status":"publish","type":"product","link":"https:\/\/vasismusicstore.com\/br\/product\/harmonium-25-octaves-deluxe-box\/","title":{"rendered":"Harmonio 2,5 oitavas<br\/> Caixa Deluxe"},"content":{"rendered":"<p>Tudo neste harm\u00f4nio \u00e9 especial. Este instrumento \u00e9 a resposta \u00e0s suas ora\u00e7\u00f5es:<\/p>\n<p>\u2022 Dur\u00e1vel (3 anos de garantia)*<br \/>\n\u2022 Som incr\u00edvel (veja o v\u00eddeo)<br \/>\n\u2022 Fabricado em Madeira de LEI protegida de cupins<br \/>\n\u2022 Palhetas Indianas originais (Palitana Reeds)<br \/>\n\u2022 Todo o metal externo &#8216;e a\u00e7o inoxid\u00e1vel<br \/>\n\u2022 32 teclas (2,5 oitavas). Voc\u00ea pode cantar qualquer coisa dentro dessa faixa.<br \/>\n\u2022 Caixa (possui case pr\u00f3prio)<br \/>\n\u2022 Altamente Polido<\/p>\n<p>Nossos harm\u00f4nios s\u00e3o verificados e ajustados pelo nosso Diretor de Arte do Vasis Studio. Todos os detalhes como som, madeira, acabamento e palhetas, passam pelo nosso controle de qualidade, para garantir que voc\u00ea obtenha o melhor instrumento.<br \/>\nVers\u00e3o em palhetas de 2 e 3 linhas.<br \/>\nO que s\u00e3o os juncos? <a href=\"https:\/\/www.youtube.com\/watch?v=q5W9DqDTJ24\">V\u00cdDEO DO YOUTUBE<\/a><\/p>\n<p>&nbsp;<\/p>\n<p>&nbsp;<\/p>\n<p><strong>Envio:<\/strong><\/p>\n<p>$ 170 Europa (aproximadamente), incluindo seguro e embalagem.<br \/>\nUS$ 270 \u2013 Am\u00e9rica do Sul, EUA, M\u00e9xico (aprox), incluindo seguro e embalagem.<\/p>\n<p><strong>V\u00eddeo:<\/strong><\/p>\n<p>&nbsp;<\/p>\n<div style=\"max-width: 700px;\"><iframe title=\"YouTube video player\" src=\"https:\/\/www.youtube.com\/embed\/vAhTG2CZeAI?si=vrv2wyykkD9t4kp2\" width=\"560\" height=\"450\" frameborder=\"0\" allowfullscreen=\"allowfullscreen\"><\/iframe><\/div>\n","protected":false},"excerpt":{"rendered":"<p><span class=\"\">Entre em contato conosco antes de fazer o pedido:<br \/>\n<a style=\"color: #128c7e; font-weight: bold;\" href=\"https:\/\/wa.me\/message\/PQSM4K257PWZP1\" target=\"_blank\" rel=\"noopener noreferrer\">https:\/\/wa.me\/message\/PQSM4K257PWZP1<\/a><\/span><\/p>\n<ul>\n<li>Dur\u00e1vel (3 anos de garantia)*<\/li>\n<li>Som incr\u00edvel (veja o v\u00eddeo)<\/li>\n<li>Fabricado em Madeira de LEI protegida de cupins<\/li>\n<li>Palhetas Indianas originais (Palitana Reeds)<\/li>\n<li>Todo o metal externo &#8216;e a\u00e7o inoxid\u00e1vel<\/li>\n<li>32 teclas (2,5 oitavas). Voc\u00ea pode cantar qualquer coisa dentro dessa faixa.<\/li>\n<li>Caixa (tem case pr\u00f3prio)<\/li>\n<li>Altamente polido<\/li>\n<\/ul>\n","protected":false},"featured_media":3179,"comment_status":"open","ping_status":"closed","template":"","meta":{"_joinchat":[]},"product_cat":[55],"product_tag":[],"class_list":{"0":"post-2759","1":"product","2":"type-product","3":"status-publish","4":"has-post-thumbnail","6":"product_cat-harmonio","7":"product_shipping_class-europe-shipping","9":"first","10":"instock","11":"featured","12":"shipping-taxable","13":"purchasable","14":"product-type-variable"},"_links":{"self":[{"href":"https:\/\/vasismusicstore.com\/br\/wp-json\/wp\/v2\/product\/2759","targetHints":{"allow":["GET"]}}],"collection":[{"href":"https:\/\/vasismusicstore.com\/br\/wp-json\/wp\/v2\/product"}],"about":[{"href":"https:\/\/vasismusicstore.com\/br\/wp-json\/wp\/v2\/types\/product"}],"replies":[{"embeddable":true,"href":"https:\/\/vasismusicstore.com\/br\/wp-json\/wp\/v2\/comments?post=2759"}],"wp:featuredmedia":[{"embeddable":true,"href":"https:\/\/vasismusicstore.com\/br\/wp-json\/wp\/v2\/media\/3179"}],"wp:attachment":[{"href":"https:\/\/vasismusicstore.com\/br\/wp-json\/wp\/v2\/media?parent=2759"}],"wp:term":[{"taxonomy":"product_cat","embeddable":true,"href":"https:\/\/vasismusicstore.com\/br\/wp-json\/wp\/v2\/product_cat?post=2759"},{"taxonomy":"product_tag","embeddable":true,"href":"https:\/\/vasismusicstore.com\/br\/wp-json\/wp\/v2\/product_tag?post=2759"}],"curies":[{"name":"wp","href":"https:\/\/api.w.org\/{rel}","templated":true}]}}