{"id":2920,"date":"2024-08-10T19:12:06","date_gmt":"2024-08-10T19:12:06","guid":{"rendered":"https:\/\/vasismusicstore.com\/br\/?page_id=2920"},"modified":"2024-08-16T09:51:25","modified_gmt":"2024-08-16T09:51:25","slug":"what-are-reeds","status":"publish","type":"page","link":"https:\/\/vasismusicstore.com\/br\/what-are-reeds\/","title":{"rendered":"What are Reeds"},"content":{"rendered":"\t\t<div data-elementor-type=\"wp-page\" data-elementor-id=\"2920\" class=\"elementor elementor-2920\">\n\t\t\t\t<div class=\"elementor-element elementor-element-527eb50 e-flex e-con-boxed wpr-particle-no wpr-jarallax-no wpr-parallax-no wpr-sticky-section-no e-con e-parent\" data-id=\"527eb50\" data-element_type=\"container\" data-settings=\"{&quot;background_background&quot;:&quot;classic&quot;}\">\n\t\t\t\t\t<div class=\"e-con-inner\">\n\t\t\t\t<div class=\"elementor-element elementor-element-2eb953c elementor-widget elementor-widget-spacer\" data-id=\"2eb953c\" data-element_type=\"widget\" data-widget_type=\"spacer.default\">\n\t\t\t\t<div class=\"elementor-widget-container\">\n\t\t\t<style>\/*! elementor - v3.23.0 - 05-08-2024 *\/\n.elementor-column .elementor-spacer-inner{height:var(--spacer-size)}.e-con{--container-widget-width:100%}.e-con-inner>.elementor-widget-spacer,.e-con>.elementor-widget-spacer{width:var(--container-widget-width,var(--spacer-size));--align-self:var(--container-widget-align-self,initial);--flex-shrink:0}.e-con-inner>.elementor-widget-spacer>.elementor-widget-container,.e-con>.elementor-widget-spacer>.elementor-widget-container{height:100%;width:100%}.e-con-inner>.elementor-widget-spacer>.elementor-widget-container>.elementor-spacer,.e-con>.elementor-widget-spacer>.elementor-widget-container>.elementor-spacer{height:100%}.e-con-inner>.elementor-widget-spacer>.elementor-widget-container>.elementor-spacer>.elementor-spacer-inner,.e-con>.elementor-widget-spacer>.elementor-widget-container>.elementor-spacer>.elementor-spacer-inner{height:var(--container-widget-height,var(--spacer-size))}.e-con-inner>.elementor-widget-spacer.elementor-widget-empty,.e-con>.elementor-widget-spacer.elementor-widget-empty{position:relative;min-height:22px;min-width:22px}.e-con-inner>.elementor-widget-spacer.elementor-widget-empty .elementor-widget-empty-icon,.e-con>.elementor-widget-spacer.elementor-widget-empty .elementor-widget-empty-icon{position:absolute;top:0;bottom:0;left:0;right:0;margin:auto;padding:0;width:22px;height:22px}<\/style>\t\t<div class=\"elementor-spacer\">\n\t\t\t<div class=\"elementor-spacer-inner\"><\/div>\n\t\t<\/div>\n\t\t\t\t<\/div>\n\t\t\t\t<\/div>\n\t\t\t\t<div class=\"elementor-element elementor-element-fb02757 elementor-widget elementor-widget-heading\" data-id=\"fb02757\" data-element_type=\"widget\" data-widget_type=\"heading.default\">\n\t\t\t\t<div class=\"elementor-widget-container\">\n\t\t\t<style>\/*! elementor - v3.23.0 - 05-08-2024 *\/\n.elementor-heading-title{padding:0;margin:0;line-height:1}.elementor-widget-heading .elementor-heading-title[class*=elementor-size-]>a{color:inherit;font-size:inherit;line-height:inherit}.elementor-widget-heading .elementor-heading-title.elementor-size-small{font-size:15px}.elementor-widget-heading .elementor-heading-title.elementor-size-medium{font-size:19px}.elementor-widget-heading .elementor-heading-title.elementor-size-large{font-size:29px}.elementor-widget-heading .elementor-heading-title.elementor-size-xl{font-size:39px}.elementor-widget-heading .elementor-heading-title.elementor-size-xxl{font-size:59px}<\/style><h2 class=\"elementor-heading-title elementor-size-default\">O que s\u00e3o juncos<\/h2>\t\t<\/div>\n\t\t\t\t<\/div>\n\t\t\t\t<div class=\"elementor-element elementor-element-44bbe63 elementor-widget elementor-widget-spacer\" data-id=\"44bbe63\" data-element_type=\"widget\" data-widget_type=\"spacer.default\">\n\t\t\t\t<div class=\"elementor-widget-container\">\n\t\t\t\t\t<div class=\"elementor-spacer\">\n\t\t\t<div class=\"elementor-spacer-inner\"><\/div>\n\t\t<\/div>\n\t\t\t\t<\/div>\n\t\t\t\t<\/div>\n\t\t\t\t\t<\/div>\n\t\t\t\t<\/div>\n\t\t\t\t<section class=\"elementor-section elementor-top-section elementor-element elementor-element-62756059 elementor-section-boxed elementor-section-height-default elementor-section-height-default wpr-particle-no wpr-jarallax-no wpr-parallax-no wpr-sticky-section-no\" data-id=\"62756059\" data-element_type=\"section\">\n\t\t\t\t\t\t<div class=\"elementor-container elementor-column-gap-default\">\n\t\t\t\t\t<div class=\"elementor-column elementor-col-100 elementor-top-column elementor-element elementor-element-294211f3\" data-id=\"294211f3\" data-element_type=\"column\">\n\t\t\t<div class=\"elementor-widget-wrap elementor-element-populated\">\n\t\t\t\t\t\t<div class=\"elementor-element elementor-element-3a9b745f elementor-widget elementor-widget-html\" data-id=\"3a9b745f\" data-element_type=\"widget\" data-widget_type=\"html.default\">\n\t\t\t\t<div class=\"elementor-widget-container\">\n\t\t\t<div style=\"max-width:750px;margin:0 auto;\">\n    \n    <iframe width=\"560\" height=\"450\" src=\"https:\/\/www.youtube.com\/embed\/q5W9DqDTJ24?si=xMpBGxjCKLa0i83C\" title=\"YouTube video player\" frameborder=\"0\" allow=\"accelerometer; autoplay; clipboard-write; encrypted-media; gyroscope; picture-in-picture; web-share\" allowfullscreen><\/iframe>\n<\/div>\t\t<\/div>\n\t\t\t\t<\/div>\n\t\t\t\t<div class=\"elementor-element elementor-element-280b36a8 elementor-widget elementor-widget-text-editor\" data-id=\"280b36a8\" data-element_type=\"widget\" data-widget_type=\"text-editor.default\">\n\t\t\t\t<div class=\"elementor-widget-container\">\n\t\t\t<style>\/*! elementor - v3.23.0 - 05-08-2024 *\/\n.elementor-widget-text-editor.elementor-drop-cap-view-stacked .elementor-drop-cap{background-color:#69727d;color:#fff}.elementor-widget-text-editor.elementor-drop-cap-view-framed .elementor-drop-cap{color:#69727d;border:3px solid;background-color:transparent}.elementor-widget-text-editor:not(.elementor-drop-cap-view-default) .elementor-drop-cap{margin-top:8px}.elementor-widget-text-editor:not(.elementor-drop-cap-view-default) .elementor-drop-cap-letter{width:1em;height:1em}.elementor-widget-text-editor .elementor-drop-cap{float:left;text-align:center;line-height:1;font-size:50px}.elementor-widget-text-editor .elementor-drop-cap-letter{display:inline-block}<\/style>\t\t\t\t<p><strong>ENCOMENDAS ESPECIAIS!<\/strong><\/p><p><br \/>Precisa de um Harmonio especial?<\/p><p>Tamanho Especial, Tipo de evento, Requisitos para M\u00fasicos Profissionais etc etc!<\/p><p>Por favor, fale conosco diretamente!<\/p><p><br \/>Whatsapp link <a href=\"http:\/\/wa.me\/5511988643800\">here!<\/a><\/p><p><br \/><strong>*Harmonio 2,5 Oitavas, port\u00e1til, Deluxe<\/strong><\/p><p><br \/>2 linhas de palhetas indianas: 2,600 BRL<\/p><p>3 linhas de palhetas indianas: 3,800 BRL<\/p><p><br \/><strong>Harmonio 3,5 oitavas com sistema acoplador de trocador de escala<\/strong><\/p><p><br \/>3 linhas de reeds indiano: 4,200 BRL<\/p><p>4 linhas de reeds indiano: 5,300 BRL<\/p>\t\t\t\t\t\t<\/div>\n\t\t\t\t<\/div>\n\t\t\t\t\t<\/div>\n\t\t<\/div>\n\t\t\t\t\t<\/div>\n\t\t<\/section>\n\t\t\t\t<\/div>\n\t\t","protected":false},"excerpt":{"rendered":"<p>O que s\u00e3o juncos ENCOMENDAS ESPECIAIS! Precisa de um Harmonio especial? Tamanho Especial, Tipo de evento, Requisitos para M\u00fasicos Profissionais etc etc! Por favor, fale conosco diretamente! Whatsapp link here! *Harmonio 2,5 Oitavas, port\u00e1til, Deluxe 2 linhas de palhetas indianas: 2,600 BRL 3 linhas de palhetas indianas: 3,800 BRL Harmonio 3,5 oitavas com sistema acoplador de trocador de escala 3 linhas de reeds indiano: 4,200 BRL 4 linhas de reeds indiano: 5,300 BRL<\/p>\n","protected":false},"author":1,"featured_media":0,"parent":0,"menu_order":0,"comment_status":"closed","ping_status":"closed","template":"elementor_header_footer","meta":{"_joinchat":[],"footnotes":""},"class_list":["post-2920","page","type-page","status-publish","hentry"],"_links":{"self":[{"href":"https:\/\/vasismusicstore.com\/br\/wp-json\/wp\/v2\/pages\/2920","targetHints":{"allow":["GET"]}}],"collection":[{"href":"https:\/\/vasismusicstore.com\/br\/wp-json\/wp\/v2\/pages"}],"about":[{"href":"https:\/\/vasismusicstore.com\/br\/wp-json\/wp\/v2\/types\/page"}],"author":[{"embeddable":true,"href":"https:\/\/vasismusicstore.com\/br\/wp-json\/wp\/v2\/users\/1"}],"replies":[{"embeddable":true,"href":"https:\/\/vasismusicstore.com\/br\/wp-json\/wp\/v2\/comments?post=2920"}],"version-history":[{"count":22,"href":"https:\/\/vasismusicstore.com\/br\/wp-json\/wp\/v2\/pages\/2920\/revisions"}],"predecessor-version":[{"id":3245,"href":"https:\/\/vasismusicstore.com\/br\/wp-json\/wp\/v2\/pages\/2920\/revisions\/3245"}],"wp:attachment":[{"href":"https:\/\/vasismusicstore.com\/br\/wp-json\/wp\/v2\/media?parent=2920"}],"curies":[{"name":"wp","href":"https:\/\/api.w.org\/{rel}","templated":true}]}}