{"id":2907,"date":"2024-08-10T11:27:09","date_gmt":"2024-08-10T11:27:09","guid":{"rendered":"https:\/\/vasismusicstore.com\/br\/?page_id=2907"},"modified":"2024-08-14T05:34:47","modified_gmt":"2024-08-14T05:34:47","slug":"what-is-a-harmonium","status":"publish","type":"page","link":"https:\/\/vasismusicstore.com\/br\/what-is-a-harmonium\/","title":{"rendered":"WHAT IS A HARMONIUM"},"content":{"rendered":"\t\t<div data-elementor-type=\"wp-page\" data-elementor-id=\"2907\" class=\"elementor elementor-2907\">\n\t\t\t\t<div class=\"elementor-element elementor-element-527eb50 e-flex e-con-boxed wpr-particle-no wpr-jarallax-no wpr-parallax-no wpr-sticky-section-no e-con e-parent\" data-id=\"527eb50\" data-element_type=\"container\" data-settings=\"{&quot;background_background&quot;:&quot;classic&quot;}\">\n\t\t\t\t\t<div class=\"e-con-inner\">\n\t\t\t\t<div class=\"elementor-element elementor-element-2eb953c elementor-widget elementor-widget-spacer\" data-id=\"2eb953c\" data-element_type=\"widget\" data-widget_type=\"spacer.default\">\n\t\t\t\t<div class=\"elementor-widget-container\">\n\t\t\t<style>\/*! elementor - v3.23.0 - 05-08-2024 *\/\n.elementor-column .elementor-spacer-inner{height:var(--spacer-size)}.e-con{--container-widget-width:100%}.e-con-inner>.elementor-widget-spacer,.e-con>.elementor-widget-spacer{width:var(--container-widget-width,var(--spacer-size));--align-self:var(--container-widget-align-self,initial);--flex-shrink:0}.e-con-inner>.elementor-widget-spacer>.elementor-widget-container,.e-con>.elementor-widget-spacer>.elementor-widget-container{height:100%;width:100%}.e-con-inner>.elementor-widget-spacer>.elementor-widget-container>.elementor-spacer,.e-con>.elementor-widget-spacer>.elementor-widget-container>.elementor-spacer{height:100%}.e-con-inner>.elementor-widget-spacer>.elementor-widget-container>.elementor-spacer>.elementor-spacer-inner,.e-con>.elementor-widget-spacer>.elementor-widget-container>.elementor-spacer>.elementor-spacer-inner{height:var(--container-widget-height,var(--spacer-size))}.e-con-inner>.elementor-widget-spacer.elementor-widget-empty,.e-con>.elementor-widget-spacer.elementor-widget-empty{position:relative;min-height:22px;min-width:22px}.e-con-inner>.elementor-widget-spacer.elementor-widget-empty .elementor-widget-empty-icon,.e-con>.elementor-widget-spacer.elementor-widget-empty .elementor-widget-empty-icon{position:absolute;top:0;bottom:0;left:0;right:0;margin:auto;padding:0;width:22px;height:22px}<\/style>\t\t<div class=\"elementor-spacer\">\n\t\t\t<div class=\"elementor-spacer-inner\"><\/div>\n\t\t<\/div>\n\t\t\t\t<\/div>\n\t\t\t\t<\/div>\n\t\t\t\t<div class=\"elementor-element elementor-element-fb02757 elementor-widget elementor-widget-heading\" data-id=\"fb02757\" data-element_type=\"widget\" data-widget_type=\"heading.default\">\n\t\t\t\t<div class=\"elementor-widget-container\">\n\t\t\t<style>\/*! elementor - v3.23.0 - 05-08-2024 *\/\n.elementor-heading-title{padding:0;margin:0;line-height:1}.elementor-widget-heading .elementor-heading-title[class*=elementor-size-]>a{color:inherit;font-size:inherit;line-height:inherit}.elementor-widget-heading .elementor-heading-title.elementor-size-small{font-size:15px}.elementor-widget-heading .elementor-heading-title.elementor-size-medium{font-size:19px}.elementor-widget-heading .elementor-heading-title.elementor-size-large{font-size:29px}.elementor-widget-heading .elementor-heading-title.elementor-size-xl{font-size:39px}.elementor-widget-heading .elementor-heading-title.elementor-size-xxl{font-size:59px}<\/style><h2 class=\"elementor-heading-title elementor-size-default\">O QUE \u00c9 UM HARMONIO<\/h2>\t\t<\/div>\n\t\t\t\t<\/div>\n\t\t\t\t<div class=\"elementor-element elementor-element-44bbe63 elementor-widget elementor-widget-spacer\" data-id=\"44bbe63\" data-element_type=\"widget\" data-widget_type=\"spacer.default\">\n\t\t\t\t<div class=\"elementor-widget-container\">\n\t\t\t\t\t<div class=\"elementor-spacer\">\n\t\t\t<div class=\"elementor-spacer-inner\"><\/div>\n\t\t<\/div>\n\t\t\t\t<\/div>\n\t\t\t\t<\/div>\n\t\t\t\t\t<\/div>\n\t\t\t\t<\/div>\n\t\t\t\t<section class=\"elementor-section elementor-top-section elementor-element elementor-element-1f2fcd2d elementor-section-boxed elementor-section-height-default elementor-section-height-default wpr-particle-no wpr-jarallax-no wpr-parallax-no wpr-sticky-section-no\" data-id=\"1f2fcd2d\" data-element_type=\"section\">\n\t\t\t\t\t\t<div class=\"elementor-container elementor-column-gap-default\">\n\t\t\t\t\t<div class=\"elementor-column elementor-col-100 elementor-top-column elementor-element elementor-element-6bf862f\" data-id=\"6bf862f\" data-element_type=\"column\">\n\t\t\t<div class=\"elementor-widget-wrap elementor-element-populated\">\n\t\t\t\t\t\t<div class=\"elementor-element elementor-element-74f688b4 elementor-widget elementor-widget-text-editor\" data-id=\"74f688b4\" data-element_type=\"widget\" data-widget_type=\"text-editor.default\">\n\t\t\t\t<div class=\"elementor-widget-container\">\n\t\t\t<style>\/*! elementor - v3.23.0 - 05-08-2024 *\/\n.elementor-widget-text-editor.elementor-drop-cap-view-stacked .elementor-drop-cap{background-color:#69727d;color:#fff}.elementor-widget-text-editor.elementor-drop-cap-view-framed .elementor-drop-cap{color:#69727d;border:3px solid;background-color:transparent}.elementor-widget-text-editor:not(.elementor-drop-cap-view-default) .elementor-drop-cap{margin-top:8px}.elementor-widget-text-editor:not(.elementor-drop-cap-view-default) .elementor-drop-cap-letter{width:1em;height:1em}.elementor-widget-text-editor .elementor-drop-cap{float:left;text-align:center;line-height:1;font-size:50px}.elementor-widget-text-editor .elementor-drop-cap-letter{display:inline-block}<\/style>\t\t\t\t<p><strong>O que \u00e9 um harmonio e como \u00e9 feito?<\/strong><\/p><p>Um Harmonio \u00e9 um instrumento musical a\u00e9reo criado na Europa em 1800. Parece um pequeno piano, mas o som \u00e9 produzido bombeando ar para uma c\u00e2mara fechada que possui uma \u00fanica palheta para cada uma das notas e quando o ar passa por elas elas vibram e emitem o som. Embora os primeiros Harmonios da Europa fossem bombeados a p\u00e9, quando chegaram \u00e0 \u00cdndia foram readaptados para serem bombeados com uma m\u00e3o, dando origem \u00e0 vers\u00e3o Indiana do Harmonio que \u00e9 a que se popularizou hoje em dia em todo o Mundo. S\u00e3o basicamente feitos \u00e0 m\u00e3o por artes\u00e3os experientes, que aprenderam esta arte gera\u00e7\u00e3o ap\u00f3s gera\u00e7\u00e3o. Eles primeiro fazem o corpo em madeira e depois colocam cada tecla para montar todo o teclado e depois colocam as palhetas de acordo com cada som individual. Na f\u00e1brica Vasis utilizamos a melhor madeira de Teca da regi\u00e3o e palhetas indianas ou inglesas de primeira qualidade. Cada parte do harmonio \u00e9 cuidadosamente trabalhada e montada, depois \u00e9 afinada com precis\u00e3o por um especialista de longa data e, finalmente, a qualidade \u00e9 verificada pelo nosso especialista em harmonio e professor Giri Govardhan para garantir que o cliente esteja obtendo um dos melhores harmonios do mercado .<\/p>\t\t\t\t\t\t<\/div>\n\t\t\t\t<\/div>\n\t\t\t\t\t<\/div>\n\t\t<\/div>\n\t\t\t\t\t<\/div>\n\t\t<\/section>\n\t\t\t\t<section class=\"elementor-section elementor-top-section elementor-element elementor-element-294771fa elementor-section-boxed elementor-section-height-default elementor-section-height-default wpr-particle-no wpr-jarallax-no wpr-parallax-no wpr-sticky-section-no\" data-id=\"294771fa\" data-element_type=\"section\">\n\t\t\t\t\t\t<div class=\"elementor-container elementor-column-gap-default\">\n\t\t\t\t\t<div class=\"elementor-column elementor-col-100 elementor-top-column elementor-element elementor-element-532d8385\" data-id=\"532d8385\" data-element_type=\"column\">\n\t\t\t<div class=\"elementor-widget-wrap elementor-element-populated\">\n\t\t\t\t\t\t<div class=\"elementor-element elementor-element-76cc4f85 elementor-widget elementor-widget-html\" data-id=\"76cc4f85\" data-element_type=\"widget\" data-widget_type=\"html.default\">\n\t\t\t\t<div class=\"elementor-widget-container\">\n\t\t\t<iframe width=\"560\" height=\"415\" src=\"https:\/\/www.youtube.com\/embed\/78HcNkaebAI?si=CxYqj7LzWGpkAStv\" title=\"YouTube video player\" frameborder=\"0\" allow=\"accelerometer; autoplay; clipboard-write; encrypted-media; gyroscope; picture-in-picture; web-share\" allowfullscreen><\/iframe>\t\t<\/div>\n\t\t\t\t<\/div>\n\t\t\t\t\t<\/div>\n\t\t<\/div>\n\t\t\t\t\t<\/div>\n\t\t<\/section>\n\t\t\t\t<\/div>\n\t\t","protected":false},"excerpt":{"rendered":"<p>O QUE \u00c9 UM HARMONIO O que \u00e9 um harmonio e como \u00e9 feito? Um Harmonio \u00e9 um instrumento musical a\u00e9reo criado na Europa em 1800. Parece um pequeno piano, mas o som \u00e9 produzido bombeando ar para uma c\u00e2mara fechada que possui uma \u00fanica palheta para cada uma das notas e quando o ar passa por elas elas vibram e emitem o som. Embora os primeiros Harmonios da Europa fossem bombeados a p\u00e9, quando chegaram \u00e0 \u00cdndia foram readaptados para serem bombeados com uma m\u00e3o, dando origem \u00e0 vers\u00e3o Indiana do Harmonio que \u00e9 a que se popularizou hoje em dia em todo o Mundo. S\u00e3o basicamente feitos \u00e0 m\u00e3o por artes\u00e3os experientes, que aprenderam esta arte gera\u00e7\u00e3o ap\u00f3s gera\u00e7\u00e3o. Eles primeiro fazem o corpo em madeira e depois colocam cada tecla para montar todo o teclado e depois colocam as palhetas de acordo com cada som individual. Na f\u00e1brica Vasis utilizamos a melhor madeira de Teca da regi\u00e3o e palhetas indianas ou inglesas de primeira qualidade. Cada parte do harmonio \u00e9 cuidadosamente trabalhada e montada, depois \u00e9 afinada com precis\u00e3o por um especialista de longa data e, finalmente, a qualidade \u00e9 verificada pelo nosso especialista em harmonio e professor Giri Govardhan para garantir que o cliente esteja obtendo um dos melhores harmonios do mercado .<\/p>\n","protected":false},"author":1,"featured_media":0,"parent":0,"menu_order":0,"comment_status":"closed","ping_status":"closed","template":"elementor_header_footer","meta":{"_joinchat":[],"footnotes":""},"class_list":["post-2907","page","type-page","status-publish","hentry"],"_links":{"self":[{"href":"https:\/\/vasismusicstore.com\/br\/wp-json\/wp\/v2\/pages\/2907","targetHints":{"allow":["GET"]}}],"collection":[{"href":"https:\/\/vasismusicstore.com\/br\/wp-json\/wp\/v2\/pages"}],"about":[{"href":"https:\/\/vasismusicstore.com\/br\/wp-json\/wp\/v2\/types\/page"}],"author":[{"embeddable":true,"href":"https:\/\/vasismusicstore.com\/br\/wp-json\/wp\/v2\/users\/1"}],"replies":[{"embeddable":true,"href":"https:\/\/vasismusicstore.com\/br\/wp-json\/wp\/v2\/comments?post=2907"}],"version-history":[{"count":16,"href":"https:\/\/vasismusicstore.com\/br\/wp-json\/wp\/v2\/pages\/2907\/revisions"}],"predecessor-version":[{"id":3131,"href":"https:\/\/vasismusicstore.com\/br\/wp-json\/wp\/v2\/pages\/2907\/revisions\/3131"}],"wp:attachment":[{"href":"https:\/\/vasismusicstore.com\/br\/wp-json\/wp\/v2\/media?parent=2907"}],"curies":[{"name":"wp","href":"https:\/\/api.w.org\/{rel}","templated":true}]}}