{"id":1158,"date":"2022-06-15T07:41:41","date_gmt":"2022-06-15T07:41:41","guid":{"rendered":"https:\/\/nicktesting.kinsta.cloud\/shopdiko1\/?page_id=1158"},"modified":"2024-08-14T06:28:38","modified_gmt":"2024-08-14T06:28:38","slug":"about","status":"publish","type":"page","link":"https:\/\/vasismusicstore.com\/br\/about\/","title":{"rendered":"About"},"content":{"rendered":"\t\t<div data-elementor-type=\"wp-page\" data-elementor-id=\"1158\" class=\"elementor elementor-1158\">\n\t\t\t\t<div class=\"elementor-element elementor-element-527eb50 e-flex e-con-boxed wpr-particle-no wpr-jarallax-no wpr-parallax-no wpr-sticky-section-no e-con e-parent\" data-id=\"527eb50\" data-element_type=\"container\" data-settings=\"{&quot;background_background&quot;:&quot;classic&quot;}\">\n\t\t\t\t\t<div class=\"e-con-inner\">\n\t\t\t\t<div class=\"elementor-element elementor-element-2eb953c elementor-widget elementor-widget-spacer\" data-id=\"2eb953c\" data-element_type=\"widget\" data-widget_type=\"spacer.default\">\n\t\t\t\t<div class=\"elementor-widget-container\">\n\t\t\t<style>\/*! elementor - v3.23.0 - 05-08-2024 *\/\n.elementor-column .elementor-spacer-inner{height:var(--spacer-size)}.e-con{--container-widget-width:100%}.e-con-inner>.elementor-widget-spacer,.e-con>.elementor-widget-spacer{width:var(--container-widget-width,var(--spacer-size));--align-self:var(--container-widget-align-self,initial);--flex-shrink:0}.e-con-inner>.elementor-widget-spacer>.elementor-widget-container,.e-con>.elementor-widget-spacer>.elementor-widget-container{height:100%;width:100%}.e-con-inner>.elementor-widget-spacer>.elementor-widget-container>.elementor-spacer,.e-con>.elementor-widget-spacer>.elementor-widget-container>.elementor-spacer{height:100%}.e-con-inner>.elementor-widget-spacer>.elementor-widget-container>.elementor-spacer>.elementor-spacer-inner,.e-con>.elementor-widget-spacer>.elementor-widget-container>.elementor-spacer>.elementor-spacer-inner{height:var(--container-widget-height,var(--spacer-size))}.e-con-inner>.elementor-widget-spacer.elementor-widget-empty,.e-con>.elementor-widget-spacer.elementor-widget-empty{position:relative;min-height:22px;min-width:22px}.e-con-inner>.elementor-widget-spacer.elementor-widget-empty .elementor-widget-empty-icon,.e-con>.elementor-widget-spacer.elementor-widget-empty .elementor-widget-empty-icon{position:absolute;top:0;bottom:0;left:0;right:0;margin:auto;padding:0;width:22px;height:22px}<\/style>\t\t<div class=\"elementor-spacer\">\n\t\t\t<div class=\"elementor-spacer-inner\"><\/div>\n\t\t<\/div>\n\t\t\t\t<\/div>\n\t\t\t\t<\/div>\n\t\t\t\t<div class=\"elementor-element elementor-element-fb02757 elementor-widget elementor-widget-heading\" data-id=\"fb02757\" data-element_type=\"widget\" data-widget_type=\"heading.default\">\n\t\t\t\t<div class=\"elementor-widget-container\">\n\t\t\t<style>\/*! elementor - v3.23.0 - 05-08-2024 *\/\n.elementor-heading-title{padding:0;margin:0;line-height:1}.elementor-widget-heading .elementor-heading-title[class*=elementor-size-]>a{color:inherit;font-size:inherit;line-height:inherit}.elementor-widget-heading .elementor-heading-title.elementor-size-small{font-size:15px}.elementor-widget-heading .elementor-heading-title.elementor-size-medium{font-size:19px}.elementor-widget-heading .elementor-heading-title.elementor-size-large{font-size:29px}.elementor-widget-heading .elementor-heading-title.elementor-size-xl{font-size:39px}.elementor-widget-heading .elementor-heading-title.elementor-size-xxl{font-size:59px}<\/style><h2 class=\"elementor-heading-title elementor-size-default\">Sobre n\u00f3s<\/h2>\t\t<\/div>\n\t\t\t\t<\/div>\n\t\t\t\t<div class=\"elementor-element elementor-element-44bbe63 elementor-widget elementor-widget-spacer\" data-id=\"44bbe63\" data-element_type=\"widget\" data-widget_type=\"spacer.default\">\n\t\t\t\t<div class=\"elementor-widget-container\">\n\t\t\t\t\t<div class=\"elementor-spacer\">\n\t\t\t<div class=\"elementor-spacer-inner\"><\/div>\n\t\t<\/div>\n\t\t\t\t<\/div>\n\t\t\t\t<\/div>\n\t\t\t\t\t<\/div>\n\t\t\t\t<\/div>\n\t\t\t\t<section class=\"elementor-section elementor-top-section elementor-element elementor-element-43fbe5f8 elementor-section-boxed elementor-section-height-default elementor-section-height-default wpr-particle-no wpr-jarallax-no wpr-parallax-no wpr-sticky-section-no\" data-id=\"43fbe5f8\" data-element_type=\"section\">\n\t\t\t\t\t\t<div class=\"elementor-container elementor-column-gap-default\">\n\t\t\t\t\t<div class=\"elementor-column elementor-col-100 elementor-top-column elementor-element elementor-element-161ae39c\" data-id=\"161ae39c\" data-element_type=\"column\">\n\t\t\t<div class=\"elementor-widget-wrap elementor-element-populated\">\n\t\t\t\t\t\t<div class=\"elementor-element elementor-element-3f908248 elementor-widget elementor-widget-image\" data-id=\"3f908248\" data-element_type=\"widget\" data-widget_type=\"image.default\">\n\t\t\t\t<div class=\"elementor-widget-container\">\n\t\t\t<style>\/*! elementor - v3.23.0 - 05-08-2024 *\/\n.elementor-widget-image{text-align:center}.elementor-widget-image a{display:inline-block}.elementor-widget-image a img[src$=\".svg\"]{width:48px}.elementor-widget-image img{vertical-align:middle;display:inline-block}<\/style>\t\t\t\t\t\t\t\t\t\t<img fetchpriority=\"high\" decoding=\"async\" width=\"400\" height=\"240\" src=\"https:\/\/vasismusicstore.com\/br\/wp-content\/uploads\/2024\/08\/logo1.png\" class=\"attachment-full size-full wp-image-2819\" alt=\"\" srcset=\"https:\/\/vasismusicstore.com\/br\/wp-content\/uploads\/2024\/08\/logo1.png 400w, https:\/\/vasismusicstore.com\/br\/wp-content\/uploads\/2024\/08\/logo1-300x180.png 300w\" sizes=\"(max-width: 400px) 100vw, 400px\" \/>\t\t\t\t\t\t\t\t\t\t\t\t\t<\/div>\n\t\t\t\t<\/div>\n\t\t\t\t<div class=\"elementor-element elementor-element-799a9f53 elementor-widget elementor-widget-text-editor\" data-id=\"799a9f53\" data-element_type=\"widget\" data-widget_type=\"text-editor.default\">\n\t\t\t\t<div class=\"elementor-widget-container\">\n\t\t\t<style>\/*! elementor - v3.23.0 - 05-08-2024 *\/\n.elementor-widget-text-editor.elementor-drop-cap-view-stacked .elementor-drop-cap{background-color:#69727d;color:#fff}.elementor-widget-text-editor.elementor-drop-cap-view-framed .elementor-drop-cap{color:#69727d;border:3px solid;background-color:transparent}.elementor-widget-text-editor:not(.elementor-drop-cap-view-default) .elementor-drop-cap{margin-top:8px}.elementor-widget-text-editor:not(.elementor-drop-cap-view-default) .elementor-drop-cap-letter{width:1em;height:1em}.elementor-widget-text-editor .elementor-drop-cap{float:left;text-align:center;line-height:1;font-size:50px}.elementor-widget-text-editor .elementor-drop-cap-letter{display:inline-block}<\/style>\t\t\t\t<p><span class=\"\"> Vasis Music Store \u00e9 uma extens\u00e3o de Vasis Studio Music Concepts. Nossos alunos nos chamaram para ajud\u00e1-los a escolher um harmonio de qualidade, dur\u00e1vel e doce para seus kirtans. A partir desse pedido decidimos compartilhar com eles a nossa paix\u00e3o pelo harm\u00f4nio como instrumento, assim nasceu nossa loja online que vende todo tipo de harm\u00f4nio, e envia para o mundo inteiro com seguro e entregue na porta da sua casa, testado um por um pelo nosso expert professor de Harmonio.<\/span> <\/p><p>Nosso querido professor Giri Govardhan (Rafael Calderon) toca diversos instrumentos como viol\u00e3o, baixo, mrdanga e claro o <span class=\"\">harmonio<\/span>. Desde 1992 vem \u00e0 \u00cdndia para comprar diversos instrumentos e mand\u00e1-los confeccionar pelos melhores fabricantes.<\/p><p>N\u00e3o t\u00ednhamos inten\u00e7\u00e3o de vender fora da escola, mas os pedidos s\u00f3 aumentaram, pela qualidade e beleza dos nossos produtos.<\/p><p>Comece a aprender Kirtan hoje!<\/p><p>INSCREVA-SE agora para uma <a href=\"https:\/\/kirtanforlife.com\/metform-form\/formulario-start-learning-kirtan\/\">AULA GRATUITA<\/a><\/p><p>Eu quero saber mais<\/p>\t\t\t\t\t\t<\/div>\n\t\t\t\t<\/div>\n\t\t\t\t<div class=\"elementor-element elementor-element-2d9cfef3 elementor-widget elementor-widget-button\" data-id=\"2d9cfef3\" data-element_type=\"widget\" data-widget_type=\"button.default\">\n\t\t\t\t<div class=\"elementor-widget-container\">\n\t\t\t\t\t<div class=\"elementor-button-wrapper\">\n\t\t\t<a class=\"elementor-button elementor-button-link elementor-size-sm\" href=\"https:\/\/vasisstudio.com\/\">\n\t\t\t\t\t\t<span class=\"elementor-button-content-wrapper\">\n\t\t\t\t\t\t\t\t\t<span class=\"elementor-button-text\">Vasisstudio.com<\/span>\n\t\t\t\t\t<\/span>\n\t\t\t\t\t<\/a>\n\t\t<\/div>\n\t\t\t\t<\/div>\n\t\t\t\t<\/div>\n\t\t\t\t\t<\/div>\n\t\t<\/div>\n\t\t\t\t\t<\/div>\n\t\t<\/section>\n\t\t\t\t<\/div>\n\t\t","protected":false},"excerpt":{"rendered":"<p>Sobre n\u00f3s Vasis Music Store \u00e9 uma extens\u00e3o de Vasis Studio Music Concepts. Nossos alunos nos chamaram para ajud\u00e1-los a escolher um harmonio de qualidade, dur\u00e1vel e doce para seus kirtans. A partir desse pedido decidimos compartilhar com eles a nossa paix\u00e3o pelo harm\u00f4nio como instrumento, assim nasceu nossa loja online que vende todo tipo de harm\u00f4nio, e envia para o mundo inteiro com seguro e entregue na porta da sua casa, testado um por um pelo nosso expert professor de Harmonio. Nosso querido professor Giri Govardhan (Rafael Calderon) toca diversos instrumentos como viol\u00e3o, baixo, mrdanga e claro o harmonio. Desde 1992 vem \u00e0 \u00cdndia para comprar diversos instrumentos e mand\u00e1-los confeccionar pelos melhores fabricantes. N\u00e3o t\u00ednhamos inten\u00e7\u00e3o de vender fora da escola, mas os pedidos s\u00f3 aumentaram, pela qualidade e beleza dos nossos produtos. Comece a aprender Kirtan hoje! INSCREVA-SE agora para uma AULA GRATUITA Eu quero saber mais Vasisstudio.com<\/p>\n","protected":false},"author":1,"featured_media":0,"parent":0,"menu_order":0,"comment_status":"closed","ping_status":"closed","template":"elementor_header_footer","meta":{"_joinchat":[],"footnotes":""},"class_list":["post-1158","page","type-page","status-publish","hentry"],"_links":{"self":[{"href":"https:\/\/vasismusicstore.com\/br\/wp-json\/wp\/v2\/pages\/1158","targetHints":{"allow":["GET"]}}],"collection":[{"href":"https:\/\/vasismusicstore.com\/br\/wp-json\/wp\/v2\/pages"}],"about":[{"href":"https:\/\/vasismusicstore.com\/br\/wp-json\/wp\/v2\/types\/page"}],"author":[{"embeddable":true,"href":"https:\/\/vasismusicstore.com\/br\/wp-json\/wp\/v2\/users\/1"}],"replies":[{"embeddable":true,"href":"https:\/\/vasismusicstore.com\/br\/wp-json\/wp\/v2\/comments?post=1158"}],"version-history":[{"count":27,"href":"https:\/\/vasismusicstore.com\/br\/wp-json\/wp\/v2\/pages\/1158\/revisions"}],"predecessor-version":[{"id":3146,"href":"https:\/\/vasismusicstore.com\/br\/wp-json\/wp\/v2\/pages\/1158\/revisions\/3146"}],"wp:attachment":[{"href":"https:\/\/vasismusicstore.com\/br\/wp-json\/wp\/v2\/media?parent=1158"}],"curies":[{"name":"wp","href":"https:\/\/api.w.org\/{rel}","templated":true}]}}